{"id":8174,"date":"2021-11-12T11:41:28","date_gmt":"2021-11-12T10:41:28","guid":{"rendered":"http:\/\/lesplaisirsdantan.turismok.com\/en-tete\/"},"modified":"2024-08-02T15:13:50","modified_gmt":"2024-08-02T13:13:50","slug":"en-tete","status":"publish","type":"page","link":"https:\/\/planbois.it\/fr\/en-tete\/","title":{"rendered":"En-t\u00eate"},"content":{"rendered":"\t\t<div data-elementor-type=\"wp-page\" data-elementor-id=\"8174\" class=\"elementor elementor-8174 elementor-46\">\n\t\t\t\t\t\t<section class=\"elementor-section elementor-top-section elementor-element elementor-element-67c685a2 elementor-section-full_width elementor-section-content-middle elementor-section-stretched elementor-hidden-tablet elementor-hidden-phone elementor-section-height-default elementor-section-height-default\" data-id=\"67c685a2\" data-element_type=\"section\" data-e-type=\"section\" id=\"topheader\" data-settings=\"{&quot;stretch_section&quot;:&quot;section-stretched&quot;,&quot;background_background&quot;:&quot;classic&quot;}\">\n\t\t\t\t\t\t\t<div class=\"elementor-background-overlay\"><\/div>\n\t\t\t\t\t\t\t<div class=\"elementor-container elementor-column-gap-default\">\n\t\t\t\t\t<div class=\"elementor-column elementor-col-100 elementor-top-column elementor-element elementor-element-4ca8adc8\" data-id=\"4ca8adc8\" data-element_type=\"column\" data-e-type=\"column\">\n\t\t\t<div class=\"elementor-widget-wrap elementor-element-populated\">\n\t\t\t\t\t\t<div class=\"elementor-element elementor-element-425a56ae elementor-tablet-align-center elementor-icon-list--layout-inline elementor-align-center elementor-mobile-align-center elementor-list-item-link-full_width elementor-widget elementor-widget-icon-list\" data-id=\"425a56ae\" data-element_type=\"widget\" data-e-type=\"widget\" data-widget_type=\"icon-list.default\">\n\t\t\t\t<div class=\"elementor-widget-container\">\n\t\t\t\t\t\t\t<ul class=\"elementor-icon-list-items elementor-inline-items\">\n\t\t\t\t\t\t\t<li class=\"elementor-icon-list-item elementor-inline-item\">\n\t\t\t\t\t\t\t\t\t\t\t<a href=\"mailto:info@planbois.it\">\n\n\t\t\t\t\t\t\t\t\t\t\t\t<span class=\"elementor-icon-list-icon\">\n\t\t\t\t\t\t\t<i aria-hidden=\"true\" class=\"far fa-envelope\"><\/i>\t\t\t\t\t\t<\/span>\n\t\t\t\t\t\t\t\t\t\t<span class=\"elementor-icon-list-text\">info@planbois.it<\/span>\n\t\t\t\t\t\t\t\t\t\t\t<\/a>\n\t\t\t\t\t\t\t\t\t<\/li>\n\t\t\t\t\t\t\t\t<li class=\"elementor-icon-list-item elementor-inline-item\">\n\t\t\t\t\t\t\t\t\t\t\t<a href=\"tel:+39%200165%201854585\">\n\n\t\t\t\t\t\t\t\t\t\t\t\t<span class=\"elementor-icon-list-icon\">\n\t\t\t\t\t\t\t<i aria-hidden=\"true\" class=\"fas fa-phone-alt\"><\/i>\t\t\t\t\t\t<\/span>\n\t\t\t\t\t\t\t\t\t\t<span class=\"elementor-icon-list-text\">+39 0165 521052<\/span>\n\t\t\t\t\t\t\t\t\t\t\t<\/a>\n\t\t\t\t\t\t\t\t\t<\/li>\n\t\t\t\t\t\t<\/ul>\n\t\t\t\t\t\t<\/div>\n\t\t\t\t<\/div>\n\t\t\t\t\t<\/div>\n\t\t<\/div>\n\t\t\t\t\t<\/div>\n\t\t<\/section>\n\t\t\t\t<section class=\"elementor-section elementor-top-section elementor-element elementor-element-dcd7442 elementor-section-stretched elementor-section-full_width elementor-section-content-middle elementor-section-height-default elementor-section-height-default\" data-id=\"dcd7442\" data-element_type=\"section\" data-e-type=\"section\" data-settings=\"{&quot;stretch_section&quot;:&quot;section-stretched&quot;,&quot;background_background&quot;:&quot;classic&quot;}\">\n\t\t\t\t\t\t<div class=\"elementor-container elementor-column-gap-default\">\n\t\t\t\t\t<div class=\"elementor-column elementor-col-33 elementor-top-column elementor-element elementor-element-6ceecc3\" data-id=\"6ceecc3\" data-element_type=\"column\" data-e-type=\"column\">\n\t\t\t<div class=\"elementor-widget-wrap elementor-element-populated\">\n\t\t\t\t\t\t<div class=\"elementor-element elementor-element-a24d0e2 elementor-widget elementor-widget-image\" data-id=\"a24d0e2\" data-element_type=\"widget\" data-e-type=\"widget\" data-widget_type=\"image.default\">\n\t\t\t\t<div class=\"elementor-widget-container\">\n\t\t\t\t\t\t\t\t\t\t\t\t\t\t\t\t<a href=\"https:\/\/planbois.it\/fr\/\">\n\t\t\t\t\t\t\t<img fetchpriority=\"high\" decoding=\"async\" width=\"1024\" height=\"643\" src=\"https:\/\/planbois.it\/wp-content\/uploads\/2024\/04\/Hotel-a-Pila-Aosta-1-1024x643.png\" class=\"attachment-large size-large wp-image-10744\" alt=\"\" srcset=\"https:\/\/planbois.it\/wp-content\/uploads\/2024\/04\/Hotel-a-Pila-Aosta-1-1024x643.png 1024w, https:\/\/planbois.it\/wp-content\/uploads\/2024\/04\/Hotel-a-Pila-Aosta-1-300x188.png 300w, https:\/\/planbois.it\/wp-content\/uploads\/2024\/04\/Hotel-a-Pila-Aosta-1-768x482.png 768w, https:\/\/planbois.it\/wp-content\/uploads\/2024\/04\/Hotel-a-Pila-Aosta-1.png 1038w\" sizes=\"(max-width: 1024px) 100vw, 1024px\" \/>\t\t\t\t\t\t\t\t<\/a>\n\t\t\t\t\t\t\t\t\t\t\t\t\t\t\t<\/div>\n\t\t\t\t<\/div>\n\t\t\t\t\t<\/div>\n\t\t<\/div>\n\t\t\t\t<div class=\"elementor-column elementor-col-33 elementor-top-column elementor-element elementor-element-6cb3114\" data-id=\"6cb3114\" data-element_type=\"column\" data-e-type=\"column\">\n\t\t\t<div class=\"elementor-widget-wrap elementor-element-populated\">\n\t\t\t\t\t\t<div class=\"elementor-element elementor-element-4947710 elementor-widget__width-initial elementor-widget elementor-widget-navigation\" data-id=\"4947710\" data-element_type=\"widget\" data-e-type=\"widget\" data-widget_type=\"navigation.default\">\n\t\t\t\t<div class=\"elementor-widget-container\">\n\t\t\t\t\t\n\t\t<div class=\"nd_elements_section\">\n\t\t\t<div class=\"nd_elements_navigation_component\">\n\n\t\t\t\t<div class=\"menu-main-fra-container\"><ul id=\"menu-main-fra\" class=\"menu\"><li id=\"menu-item-10456\" class=\"menu-item menu-item-type-post_type menu-item-object-page menu-item-home menu-item-10456\"><a href=\"https:\/\/planbois.it\/fr\/\">Home<\/a><\/li>\n<li id=\"menu-item-10455\" class=\"menu-item menu-item-type-post_type menu-item-object-page menu-item-10455\"><a href=\"https:\/\/planbois.it\/fr\/les-chambres\/\">Les chambres<\/a><\/li>\n<li id=\"menu-item-10452\" class=\"menu-item menu-item-type-post_type menu-item-object-page menu-item-10452\"><a href=\"https:\/\/planbois.it\/fr\/le-restaurant\/\">Le restaurant<\/a><\/li>\n<li id=\"menu-item-10453\" class=\"menu-item menu-item-type-post_type menu-item-object-page menu-item-10453\"><a href=\"https:\/\/planbois.it\/fr\/food-drinks\/\">Food &amp; drinks<\/a><\/li>\n<li id=\"menu-item-10551\" class=\"menu-item menu-item-type-custom menu-item-object-custom menu-item-has-children menu-item-10551\"><a href=\"#\">Pila<\/a>\n<ul class=\"sub-menu\">\n\t<li id=\"menu-item-10451\" class=\"menu-item menu-item-type-post_type menu-item-object-page menu-item-10451\"><a href=\"https:\/\/planbois.it\/fr\/outdoor\/\">En hiver<\/a><\/li>\n\t<li id=\"menu-item-10550\" class=\"menu-item menu-item-type-post_type menu-item-object-page menu-item-10550\"><a href=\"https:\/\/planbois.it\/fr\/en-ete\/\">En \u00e9t\u00e9<\/a><\/li>\n<\/ul>\n<\/li>\n<li id=\"menu-item-10454\" class=\"menu-item menu-item-type-post_type menu-item-object-page menu-item-10454\"><a href=\"https:\/\/planbois.it\/fr\/contactez-nous\/\">Contactez-nous<\/a><\/li>\n<li id=\"menu-item-wpml-ls-30-en\" class=\"menu-item wpml-ls-slot-30 wpml-ls-item wpml-ls-item-en wpml-ls-menu-item wpml-ls-first-item menu-item-type-wpml_ls_menu_item menu-item-object-wpml_ls_menu_item menu-item-wpml-ls-30-en\"><a href=\"https:\/\/planbois.it\/en\/\" title=\"Passer \u00e0 Anglais\"><img decoding=\"async\" class=\"wpml-ls-flag\" src=\"https:\/\/planbois.it\/wp-content\/plugins\/sitepress-multilingual-cms\/res\/flags\/en.svg\" alt=\"Anglais\" \/><\/a><\/li>\n<li id=\"menu-item-wpml-ls-30-it\" class=\"menu-item wpml-ls-slot-30 wpml-ls-item wpml-ls-item-it wpml-ls-menu-item wpml-ls-last-item menu-item-type-wpml_ls_menu_item menu-item-object-wpml_ls_menu_item menu-item-wpml-ls-30-it\"><a href=\"https:\/\/planbois.it\/\" title=\"Passer \u00e0 Italien\"><img decoding=\"async\" class=\"wpml-ls-flag\" src=\"https:\/\/planbois.it\/wp-content\/plugins\/sitepress-multilingual-cms\/res\/flags\/it.svg\" alt=\"Italien\" \/><\/a><\/li>\n<\/ul><\/div>\n\t\t\t\t\n\t\t\t\t<img decoding=\"async\" alt=\"open-navigation\" width=\"25\" class=\"nd_elements_open_navigation_sidebar_content\" src=\"https:\/\/planbois.it\/wp-content\/uploads\/2024\/04\/hotel-pila-aosta-1.png\">\n\t\t\t\n\t\t\t<\/div>\n\t\t<\/div>\n\n\t\t<!--START menu responsive-->\n\t\t<div class=\"nd_elements_navigation_sidebar_content\">\n\n\t\t\t<img decoding=\"async\" alt=\"close-navigation\" width=\"25\" class=\"nd_elements_close_navigation_sidebar_content\" src=\"https:\/\/planbois.it\/wp-content\/plugins\/nd-elements\/widgets\/navigation\/img\/navigation-close.svg\">\n\n\t\t    <div class=\"nd_elements_navigation_sidebar\">\n\t\t        <div class=\"menu-main-fra-container\"><ul id=\"menu-main-fra-1\" class=\"menu\"><li class=\"menu-item menu-item-type-post_type menu-item-object-page menu-item-home menu-item-10456\"><a href=\"https:\/\/planbois.it\/fr\/\">Home<\/a><\/li>\n<li class=\"menu-item menu-item-type-post_type menu-item-object-page menu-item-10455\"><a href=\"https:\/\/planbois.it\/fr\/les-chambres\/\">Les chambres<\/a><\/li>\n<li class=\"menu-item menu-item-type-post_type menu-item-object-page menu-item-10452\"><a href=\"https:\/\/planbois.it\/fr\/le-restaurant\/\">Le restaurant<\/a><\/li>\n<li class=\"menu-item menu-item-type-post_type menu-item-object-page menu-item-10453\"><a href=\"https:\/\/planbois.it\/fr\/food-drinks\/\">Food &amp; drinks<\/a><\/li>\n<li class=\"menu-item menu-item-type-custom menu-item-object-custom menu-item-has-children menu-item-10551\"><a href=\"#\">Pila<\/a>\n<ul class=\"sub-menu\">\n\t<li class=\"menu-item menu-item-type-post_type menu-item-object-page menu-item-10451\"><a href=\"https:\/\/planbois.it\/fr\/outdoor\/\">En hiver<\/a><\/li>\n\t<li class=\"menu-item menu-item-type-post_type menu-item-object-page menu-item-10550\"><a href=\"https:\/\/planbois.it\/fr\/en-ete\/\">En \u00e9t\u00e9<\/a><\/li>\n<\/ul>\n<\/li>\n<li class=\"menu-item menu-item-type-post_type menu-item-object-page menu-item-10454\"><a href=\"https:\/\/planbois.it\/fr\/contactez-nous\/\">Contactez-nous<\/a><\/li>\n<li class=\"menu-item wpml-ls-slot-30 wpml-ls-item wpml-ls-item-en wpml-ls-menu-item wpml-ls-first-item menu-item-type-wpml_ls_menu_item menu-item-object-wpml_ls_menu_item menu-item-wpml-ls-30-en\"><a href=\"https:\/\/planbois.it\/en\/\" title=\"Passer \u00e0 Anglais\"><img decoding=\"async\" class=\"wpml-ls-flag\" src=\"https:\/\/planbois.it\/wp-content\/plugins\/sitepress-multilingual-cms\/res\/flags\/en.svg\" alt=\"Anglais\" \/><\/a><\/li>\n<li class=\"menu-item wpml-ls-slot-30 wpml-ls-item wpml-ls-item-it wpml-ls-menu-item wpml-ls-last-item menu-item-type-wpml_ls_menu_item menu-item-object-wpml_ls_menu_item menu-item-wpml-ls-30-it\"><a href=\"https:\/\/planbois.it\/\" title=\"Passer \u00e0 Italien\"><img decoding=\"async\" class=\"wpml-ls-flag\" src=\"https:\/\/planbois.it\/wp-content\/plugins\/sitepress-multilingual-cms\/res\/flags\/it.svg\" alt=\"Italien\" \/><\/a><\/li>\n<\/ul><\/div>\n\t\t    <\/div>\n\n\t\t<\/div>\n\t\t<!--END menu responsive-->\n\t\t\t\t\t\t<\/div>\n\t\t\t\t<\/div>\n\t\t\t\t\t<\/div>\n\t\t<\/div>\n\t\t\t\t<div class=\"elementor-column elementor-col-33 elementor-top-column elementor-element elementor-element-94c4496 elementor-hidden-tablet elementor-hidden-phone\" data-id=\"94c4496\" data-element_type=\"column\" data-e-type=\"column\">\n\t\t\t<div class=\"elementor-widget-wrap elementor-element-populated\">\n\t\t\t\t\t\t<div class=\"elementor-element elementor-element-5b1fcf0 elementor-align-center elementor-widget elementor-widget-button\" data-id=\"5b1fcf0\" data-element_type=\"widget\" data-e-type=\"widget\" data-widget_type=\"button.default\">\n\t\t\t\t<div class=\"elementor-widget-container\">\n\t\t\t\t\t\t\t\t\t<div class=\"elementor-button-wrapper\">\n\t\t\t\t\t<a class=\"elementor-button elementor-button-link elementor-size-sm\" href=\"\/fr\/contactez-nous\/\">\n\t\t\t\t\t\t<span class=\"elementor-button-content-wrapper\">\n\t\t\t\t\t\t\t\t\t<span class=\"elementor-button-text\">R\u00e9servez<\/span>\n\t\t\t\t\t<\/span>\n\t\t\t\t\t<\/a>\n\t\t\t\t<\/div>\n\t\t\t\t\t\t\t\t<\/div>\n\t\t\t\t<\/div>\n\t\t\t\t\t<\/div>\n\t\t<\/div>\n\t\t\t\t\t<\/div>\n\t\t<\/section>\n\t\t\t\t<section class=\"elementor-section elementor-top-section elementor-element elementor-element-2254898f elementor-section-boxed elementor-section-height-default elementor-section-height-default\" data-id=\"2254898f\" data-element_type=\"section\" data-e-type=\"section\">\n\t\t\t\t\t\t<div class=\"elementor-container elementor-column-gap-default\">\n\t\t\t\t\t<div class=\"elementor-column elementor-col-100 elementor-top-column elementor-element elementor-element-367c3c69\" data-id=\"367c3c69\" data-element_type=\"column\" data-e-type=\"column\">\n\t\t\t<div class=\"elementor-widget-wrap elementor-element-populated\">\n\t\t\t\t\t\t<div class=\"elementor-element elementor-element-d3c884b elementor-widget elementor-widget-customcss\" data-id=\"d3c884b\" data-element_type=\"widget\" data-e-type=\"widget\" data-widget_type=\"customcss.default\">\n\t\t\t\t<div class=\"elementor-widget-container\">\n\t\t\t\t\t<style type=\"text\/css\">\/*Single room : Header Image*\/\n#nd_booking_single_cpt_1_header_image {margin-top: -100px; }\n#nd_booking_single_cpt_1_header_image_space_top {height: 350px; }\n#nd_booking_single_cpt_1_header_image .nd_booking_bg_greydark_alpha_gradient_5 {\n\tbackground: rgb(45,45,45);\n\tbackground: linear-gradient(0deg, rgba(45,45,45,0.4458158263305322) 0%, rgba(45,45,45,0.2) 20%, rgba(45,45,45,0) 50%, rgba(45,45,45,0.2) 80%, rgba(45,45,45,0.45) 100%);}\n\/*Single branch : Header Image*\/\n#nd_booking_single_cpt_4_header_image \n{margin-top: -100px; }\n#nd_booking_single_cpt_4_header_image_space_top {height: 200px; }\n#nd_booking_single_cpt_4_header_image .nd_booking_bg_greydark_alpha_2 {background: rgb(45,45,45);\nbackground: linear-gradient(180deg, rgba(45,45,45,0.4458158263305322) 0%, rgba(45,45,45,0.2) 20%, rgba(45,45,45,0.2) 50%, rgba(45,45,45,0) 100%);}\n\/*Shop Archive*\/\n#nd_options_woocommerce_archives_header_img_layout_9{margin-top: -100px; }\n#nd_options_woo_archive_header_image_space_top{height: 220px; }\n\/*Single Product*\/\n#nd_options_woocommerce_header_img_layout_9{margin-top: -100px; }\n\/*Search*\/\n#nd_options_search_header_img_layout_9 {margin-top: -100px; }\n#nd_options_search_header_img_layout_9_space_top {height: 200px; }\n\/*Archive*\/\n#nd_options_archives_header_img_layout_9{margin-top: -100px; }\n#nd_options_archives_header_img_layout_9_space_top {height: 200px; }\n\/*404*\/\nbody.error404 #nd_contact_navigation {background-color:#373737;}\n<\/style>\t\t\t\t<\/div>\n\t\t\t\t<\/div>\n\t\t\t\t\t<\/div>\n\t\t<\/div>\n\t\t\t\t\t<\/div>\n\t\t<\/section>\n\t\t\t\t<\/div>\n\t\t","protected":false},"excerpt":{"rendered":"<p>info@planbois.it +39 0165 521052 Home Les chambres Le restaurant Food &amp; drinks Pila En hiver En \u00e9t\u00e9 Contactez-nous Home Les chambres Le restaurant Food &amp; drinks Pila En hiver En \u00e9t\u00e9 Contactez-nous R\u00e9servez<\/p>\n","protected":false},"author":1,"featured_media":0,"parent":0,"menu_order":0,"comment_status":"closed","ping_status":"closed","template":"","meta":{"footnotes":""},"class_list":["post-8174","page","type-page","status-publish","hentry"],"yoast_head":"<!-- This site is optimized with the Yoast SEO plugin v27.4 - https:\/\/yoast.com\/product\/yoast-seo-wordpress\/ -->\n<title>En-t\u00eate - Hotel Plan Bois<\/title>\n<meta name=\"robots\" content=\"index, follow, max-snippet:-1, max-image-preview:large, max-video-preview:-1\" \/>\n<link rel=\"canonical\" href=\"https:\/\/planbois.it\/fr\/en-tete\/\" \/>\n<meta property=\"og:locale\" content=\"fr_FR\" \/>\n<meta property=\"og:type\" content=\"article\" \/>\n<meta property=\"og:title\" content=\"En-t\u00eate - Hotel Plan Bois\" \/>\n<meta property=\"og:description\" content=\"info@planbois.it +39 0165 521052 Home Les chambres Le restaurant Food &amp; drinks Pila En hiver En \u00e9t\u00e9 Contactez-nous Home Les chambres Le restaurant Food &amp; drinks Pila En hiver En \u00e9t\u00e9 Contactez-nous R\u00e9servez\" \/>\n<meta property=\"og:url\" content=\"https:\/\/planbois.it\/fr\/en-tete\/\" \/>\n<meta property=\"og:site_name\" content=\"Hotel Plan Bois\" \/>\n<meta property=\"article:modified_time\" content=\"2024-08-02T13:13:50+00:00\" \/>\n<meta property=\"og:image\" content=\"https:\/\/planbois.it\/wp-content\/uploads\/2024\/04\/Hotel-a-Pila-Aosta-1-1024x643.png\" \/>\n<meta name=\"twitter:card\" content=\"summary_large_image\" \/>\n<meta name=\"twitter:label1\" content=\"Dur\u00e9e de lecture estim\u00e9e\" \/>\n\t<meta name=\"twitter:data1\" content=\"1 minute\" \/>\n<script type=\"application\/ld+json\" class=\"yoast-schema-graph\">{\"@context\":\"https:\\\/\\\/schema.org\",\"@graph\":[{\"@type\":\"WebPage\",\"@id\":\"https:\\\/\\\/planbois.it\\\/fr\\\/en-tete\\\/\",\"url\":\"https:\\\/\\\/planbois.it\\\/fr\\\/en-tete\\\/\",\"name\":\"En-t\u00eate - Hotel Plan Bois\",\"isPartOf\":{\"@id\":\"https:\\\/\\\/planbois.it\\\/#website\"},\"primaryImageOfPage\":{\"@id\":\"https:\\\/\\\/planbois.it\\\/fr\\\/en-tete\\\/#primaryimage\"},\"image\":{\"@id\":\"https:\\\/\\\/planbois.it\\\/fr\\\/en-tete\\\/#primaryimage\"},\"thumbnailUrl\":\"https:\\\/\\\/planbois.it\\\/wp-content\\\/uploads\\\/2024\\\/04\\\/Hotel-a-Pila-Aosta-1-1024x643.png\",\"datePublished\":\"2021-11-12T10:41:28+00:00\",\"dateModified\":\"2024-08-02T13:13:50+00:00\",\"breadcrumb\":{\"@id\":\"https:\\\/\\\/planbois.it\\\/fr\\\/en-tete\\\/#breadcrumb\"},\"inLanguage\":\"fr-FR\",\"potentialAction\":[{\"@type\":\"ReadAction\",\"target\":[\"https:\\\/\\\/planbois.it\\\/fr\\\/en-tete\\\/\"]}]},{\"@type\":\"ImageObject\",\"inLanguage\":\"fr-FR\",\"@id\":\"https:\\\/\\\/planbois.it\\\/fr\\\/en-tete\\\/#primaryimage\",\"url\":\"https:\\\/\\\/planbois.it\\\/wp-content\\\/uploads\\\/2024\\\/04\\\/Hotel-a-Pila-Aosta-1-1024x643.png\",\"contentUrl\":\"https:\\\/\\\/planbois.it\\\/wp-content\\\/uploads\\\/2024\\\/04\\\/Hotel-a-Pila-Aosta-1-1024x643.png\"},{\"@type\":\"BreadcrumbList\",\"@id\":\"https:\\\/\\\/planbois.it\\\/fr\\\/en-tete\\\/#breadcrumb\",\"itemListElement\":[{\"@type\":\"ListItem\",\"position\":1,\"name\":\"Accueil\",\"item\":\"https:\\\/\\\/planbois.it\\\/fr\\\/\"},{\"@type\":\"ListItem\",\"position\":2,\"name\":\"En-t\u00eate\"}]},{\"@type\":\"WebSite\",\"@id\":\"https:\\\/\\\/planbois.it\\\/#website\",\"url\":\"https:\\\/\\\/planbois.it\\\/\",\"name\":\"Hotel Plan Bois\",\"description\":\"Pila, Valle d&#039;Aosta\",\"potentialAction\":[{\"@type\":\"SearchAction\",\"target\":{\"@type\":\"EntryPoint\",\"urlTemplate\":\"https:\\\/\\\/planbois.it\\\/?s={search_term_string}\"},\"query-input\":{\"@type\":\"PropertyValueSpecification\",\"valueRequired\":true,\"valueName\":\"search_term_string\"}}],\"inLanguage\":\"fr-FR\"}]}<\/script>\n<!-- \/ Yoast SEO plugin. -->","yoast_head_json":{"title":"En-t\u00eate - Hotel Plan Bois","robots":{"index":"index","follow":"follow","max-snippet":"max-snippet:-1","max-image-preview":"max-image-preview:large","max-video-preview":"max-video-preview:-1"},"canonical":"https:\/\/planbois.it\/fr\/en-tete\/","og_locale":"fr_FR","og_type":"article","og_title":"En-t\u00eate - Hotel Plan Bois","og_description":"info@planbois.it +39 0165 521052 Home Les chambres Le restaurant Food &amp; drinks Pila En hiver En \u00e9t\u00e9 Contactez-nous Home Les chambres Le restaurant Food &amp; drinks Pila En hiver En \u00e9t\u00e9 Contactez-nous R\u00e9servez","og_url":"https:\/\/planbois.it\/fr\/en-tete\/","og_site_name":"Hotel Plan Bois","article_modified_time":"2024-08-02T13:13:50+00:00","og_image":[{"url":"https:\/\/planbois.it\/wp-content\/uploads\/2024\/04\/Hotel-a-Pila-Aosta-1-1024x643.png","type":"","width":"","height":""}],"twitter_card":"summary_large_image","twitter_misc":{"Dur\u00e9e de lecture estim\u00e9e":"1 minute"},"schema":{"@context":"https:\/\/schema.org","@graph":[{"@type":"WebPage","@id":"https:\/\/planbois.it\/fr\/en-tete\/","url":"https:\/\/planbois.it\/fr\/en-tete\/","name":"En-t\u00eate - Hotel Plan Bois","isPartOf":{"@id":"https:\/\/planbois.it\/#website"},"primaryImageOfPage":{"@id":"https:\/\/planbois.it\/fr\/en-tete\/#primaryimage"},"image":{"@id":"https:\/\/planbois.it\/fr\/en-tete\/#primaryimage"},"thumbnailUrl":"https:\/\/planbois.it\/wp-content\/uploads\/2024\/04\/Hotel-a-Pila-Aosta-1-1024x643.png","datePublished":"2021-11-12T10:41:28+00:00","dateModified":"2024-08-02T13:13:50+00:00","breadcrumb":{"@id":"https:\/\/planbois.it\/fr\/en-tete\/#breadcrumb"},"inLanguage":"fr-FR","potentialAction":[{"@type":"ReadAction","target":["https:\/\/planbois.it\/fr\/en-tete\/"]}]},{"@type":"ImageObject","inLanguage":"fr-FR","@id":"https:\/\/planbois.it\/fr\/en-tete\/#primaryimage","url":"https:\/\/planbois.it\/wp-content\/uploads\/2024\/04\/Hotel-a-Pila-Aosta-1-1024x643.png","contentUrl":"https:\/\/planbois.it\/wp-content\/uploads\/2024\/04\/Hotel-a-Pila-Aosta-1-1024x643.png"},{"@type":"BreadcrumbList","@id":"https:\/\/planbois.it\/fr\/en-tete\/#breadcrumb","itemListElement":[{"@type":"ListItem","position":1,"name":"Accueil","item":"https:\/\/planbois.it\/fr\/"},{"@type":"ListItem","position":2,"name":"En-t\u00eate"}]},{"@type":"WebSite","@id":"https:\/\/planbois.it\/#website","url":"https:\/\/planbois.it\/","name":"Hotel Plan Bois","description":"Pila, Valle d&#039;Aosta","potentialAction":[{"@type":"SearchAction","target":{"@type":"EntryPoint","urlTemplate":"https:\/\/planbois.it\/?s={search_term_string}"},"query-input":{"@type":"PropertyValueSpecification","valueRequired":true,"valueName":"search_term_string"}}],"inLanguage":"fr-FR"}]}},"_links":{"self":[{"href":"https:\/\/planbois.it\/fr\/wp-json\/wp\/v2\/pages\/8174","targetHints":{"allow":["GET"]}}],"collection":[{"href":"https:\/\/planbois.it\/fr\/wp-json\/wp\/v2\/pages"}],"about":[{"href":"https:\/\/planbois.it\/fr\/wp-json\/wp\/v2\/types\/page"}],"author":[{"embeddable":true,"href":"https:\/\/planbois.it\/fr\/wp-json\/wp\/v2\/users\/1"}],"replies":[{"embeddable":true,"href":"https:\/\/planbois.it\/fr\/wp-json\/wp\/v2\/comments?post=8174"}],"version-history":[{"count":38,"href":"https:\/\/planbois.it\/fr\/wp-json\/wp\/v2\/pages\/8174\/revisions"}],"predecessor-version":[{"id":10873,"href":"https:\/\/planbois.it\/fr\/wp-json\/wp\/v2\/pages\/8174\/revisions\/10873"}],"wp:attachment":[{"href":"https:\/\/planbois.it\/fr\/wp-json\/wp\/v2\/media?parent=8174"}],"curies":[{"name":"wp","href":"https:\/\/api.w.org\/{rel}","templated":true}]}}